{"id":909,"date":"2019-02-01T02:19:28","date_gmt":"2019-02-01T01:19:28","guid":{"rendered":"https:\/\/roma.xplore-festival.com\/?page_id=909"},"modified":"2022-05-31T23:50:05","modified_gmt":"2022-05-31T21:50:05","slug":"accomodation","status":"publish","type":"page","link":"https:\/\/roma.xplore-festival.com\/it\/accomodation\/","title":{"rendered":"Alloggio"},"content":{"rendered":"<div data-elementor-type=\"wp-page\" data-elementor-id=\"909\" class=\"elementor elementor-909\">\n\t\t\t\t\t\t<div class=\"elementor-inner\">\n\t\t\t\t<div class=\"elementor-section-wrap\">\n\t\t\t\t\t\t\t\t\t<section class=\"has_eae_slider elementor-section elementor-top-section elementor-element elementor-element-6faeb02e elementor-section-boxed elementor-section-height-default elementor-section-height-default\" data-id=\"6faeb02e\" data-element_type=\"section\">\n\t\t\t\t\t\t<div class=\"elementor-container elementor-column-gap-default\">\n\t\t\t\t\t\t\t<div class=\"elementor-row\">\n\t\t\t\t\t<div class=\"has_eae_slider elementor-column elementor-col-100 elementor-top-column elementor-element elementor-element-6aa2e0f0\" data-id=\"6aa2e0f0\" data-element_type=\"column\">\n\t\t\t<div class=\"elementor-column-wrap elementor-element-populated\">\n\t\t\t\t\t\t\t<div class=\"elementor-widget-wrap\">\n\t\t\t\t\t\t<div class=\"elementor-element elementor-element-13c3e425 elementor-widget elementor-widget-text-editor\" data-id=\"13c3e425\" data-element_type=\"widget\" data-widget_type=\"text-editor.default\">\n\t\t\t\t<div class=\"elementor-widget-container\">\n\t\t\t\t\t\t\t\t<div class=\"elementor-text-editor elementor-clearfix\">\n\t\t\t\t<p><!-- wp:heading {\"level\":5} --><\/p>\n<h2><strong>Alloggio a Borgo Paola<\/strong><\/h2>\n<h3><strong><img src=\"https:\/\/roma.xplore-festival.com\/wp-content\/uploads\/Capture-de\u0301cran-2022-05-10-a\u0300-04.44.26-1-300x206.png\" alt=\"\" width=\"300\" height=\"206\" \/> <img src=\"https:\/\/roma.xplore-festival.com\/wp-content\/uploads\/Capture-de\u0301cran-2022-05-10-a\u0300-04.38.28-1-300x201.png\" alt=\"\" width=\"300\" height=\"201\" \/> <img src=\"https:\/\/roma.xplore-festival.com\/wp-content\/uploads\/Capture-de\u0301cran-2022-05-10-a\u0300-04.36.37-1-300x200.png\" alt=\"\" width=\"300\" height=\"200\" \/> <img src=\"https:\/\/roma.xplore-festival.com\/wp-content\/uploads\/Capture-de\u0301cran-2022-05-10-a\u0300-04.38.17-300x200.png\" alt=\"\" width=\"300\" height=\"200\" \/> <img src=\"https:\/\/roma.xplore-festival.com\/wp-content\/uploads\/Capture-de\u0301cran-2022-05-10-a\u0300-04.43.25-300x200.png\" alt=\"\" width=\"300\" height=\"200\" \/> <img src=\"https:\/\/roma.xplore-festival.com\/wp-content\/uploads\/Capture-de\u0301cran-2022-05-10-a\u0300-04.42.15-1-300x199.png\" alt=\"\" width=\"300\" height=\"199\" \/> <br \/><\/strong><\/h3>\n<h3><strong><!-- \/wp:heading --><\/strong><\/h3>\n<h3><strong><!-- wp:paragraph --><\/strong><\/h3>\n<h3>Sono disponibili alcuni appartamenti molto belli con 2 e 3 letti, oltre alla possibilit\u00e0 di condividere uno spazio in dormitorio o di montare una tenda in giardino.<\/h3>\n<h3><!-- \/wp:paragraph --><\/h3>\n<h3><!-- wp:paragraph --><\/h3>\n<h3>Se siete interessati a prenotare uno degli appartamenti, vi preghiamo di informarvi via <a href=\"mailto:jana.felixruckert@gmx.de\">jana.felixruckert@gmx.de<\/a><\/h3>\n<h3><!-- \/wp:paragraph --><\/h3>\n<h3><!-- wp:image --><\/h3>\n<h3><!-- \/wp:image --><\/h3>\n<h3><!-- wp:paragraph --><\/h3>\n<p>\u00a0<\/p>\n<h3>This accommodation offer at Borgo Paola is only available as package, <br \/>for the entire\u00a0Xplore Rome weekend<br \/>3 nights (from Friday to Sunday) +\u00a0 3 day pass + Catering.<\/h3>\n<h3><!-- \/wp:paragraph --><\/h3>\n<h3><!-- wp:paragraph --><\/h3>\n<h3 class=\" translation-block\">Consigliamo a tutti di arrivare il venerd\u00ec mattina dalle 8:30.\nLa biglietteria apre alle 9:30 e sar\u00e0 disponibile anche la colazione.<\/h3>\n<p>\u00a0<\/p>\n<h3><!-- \/wp:paragraph --><\/h3>\n<h3><!-- wp:paragraph --><\/h3>\n<h3><!-- \/wp:paragraph --><\/h3>\n<h3><!-- wp:heading {\"level\":4} --><\/h3>\n<h2><strong>Alloggio vicino a Borgo Paola<\/strong><\/h2>\n<h3><!-- \/wp:heading --><\/h3>\n<h3><!-- wp:paragraph --><\/h3>\n<h3>Poich\u00e9 l'area intorno al lago di Bracciano \u00e8 piuttosto turistica, troverete molte possibilit\u00e0 di alloggio nei paesi di Bracciano e Manziana, oppure a Oriolo, un po' pi\u00f9 lontano. Date un'occhiata alla mappa di google sulla pagina della sede. <a href=\"\/it\/#venue\">mappa<\/a><\/h3>\n<h3><!-- \/wp:paragraph --><\/h3>\n<h3><!-- wp:paragraph --><\/h3>\n<h3>Noi suggeriamo:<\/h3>\n<h3><!-- \/wp:paragraph --><\/h3>\n<h3><!-- wp:paragraph --><\/h3>\n<h3><strong>Bed and Breakfast a Bracciano Il Castagneto<\/strong><br \/>Via della Cisterna 9\/10, Localit\u00e0 Pisciarelli<br \/>00062 Bracciano Roma<br \/>Telefono: +39 - 06.9986513<br \/>www.bedandbreakfastbracciano.com<\/h3>\n<p>\u00a0<\/p>\n<h3><!-- \/wp:paragraph --><\/h3>\n<h3><!-- wp:paragraph --><\/h3>\n<h3><strong>La Gismonda B &amp; B<\/strong><br \/>Via della Cisterna 6, Localit\u00e0 Pisciarelli<br \/>00062 Bracciano Roma<br \/>Telefono: +39 - 06.99815284<\/h3>\n<p><!-- \/wp:paragraph --><\/p>\n<div>\u00a0<\/div>\n<div>\u00a0<\/div>\n<p>\u00a0<\/p>\t\t\t\t\t<\/div>\n\t\t\t\t\t\t<\/div>\n\t\t\t\t<\/div>\n\t\t\t\t\t\t<\/div>\n\t\t\t\t\t<\/div>\n\t\t<\/div>\n\t\t\t\t\t\t\t\t<\/div>\n\t\t\t\t\t<\/div>\n\t\t<\/section>\n\t\t\t\t\t\t\t\t\t<\/div>\n\t\t\t<\/div>\n\t\t\t\t\t<\/div>","protected":false},"excerpt":{"rendered":"<p>Accommodation at Borgo Paola There are a few very attractive apartments with 2 and 3 beds available as well as the possibility to share a dormitory space or put up a tent in the garden. If you are interested to book one of the apartments, please inquire through mail : jana.felixruckert@gmx.de \u00a0 This accommodation offer &hellip;<\/p>\n<p class=\"read-more\"> <a class=\"\" href=\"https:\/\/roma.xplore-festival.com\/it\/accomodation\/\"> <span class=\"screen-reader-text\">Alloggio<\/span> Leggi altro \u00bb<\/a><\/p>","protected":false},"author":9,"featured_media":0,"parent":0,"menu_order":0,"comment_status":"closed","ping_status":"closed","template":"","meta":{"site-sidebar-layout":"default","site-content-layout":"default","ast-global-header-display":"","ast-main-header-display":"","ast-hfb-above-header-display":"","ast-hfb-below-header-display":"","ast-hfb-mobile-header-display":"","site-post-title":"disabled","ast-breadcrumbs-content":"","ast-featured-img":"","footer-sml-layout":"","theme-transparent-header-meta":"default","adv-header-id-meta":"","stick-header-meta":"default","header-above-stick-meta":"","header-main-stick-meta":"","header-below-stick-meta":""},"_links":{"self":[{"href":"https:\/\/roma.xplore-festival.com\/it\/wp-json\/wp\/v2\/pages\/909"}],"collection":[{"href":"https:\/\/roma.xplore-festival.com\/it\/wp-json\/wp\/v2\/pages"}],"about":[{"href":"https:\/\/roma.xplore-festival.com\/it\/wp-json\/wp\/v2\/types\/page"}],"author":[{"embeddable":true,"href":"https:\/\/roma.xplore-festival.com\/it\/wp-json\/wp\/v2\/users\/9"}],"replies":[{"embeddable":true,"href":"https:\/\/roma.xplore-festival.com\/it\/wp-json\/wp\/v2\/comments?post=909"}],"version-history":[{"count":40,"href":"https:\/\/roma.xplore-festival.com\/it\/wp-json\/wp\/v2\/pages\/909\/revisions"}],"predecessor-version":[{"id":4445,"href":"https:\/\/roma.xplore-festival.com\/it\/wp-json\/wp\/v2\/pages\/909\/revisions\/4445"}],"wp:attachment":[{"href":"https:\/\/roma.xplore-festival.com\/it\/wp-json\/wp\/v2\/media?parent=909"}],"curies":[{"name":"wp","href":"https:\/\/api.w.org\/{rel}","templated":true}]}}