{"id":611,"date":"2018-12-22T23:43:46","date_gmt":"2018-12-22T22:43:46","guid":{"rendered":"https:\/\/roma.xplore-festival.com\/?page_id=611"},"modified":"2019-01-31T00:38:26","modified_gmt":"2019-01-30T23:38:26","slug":"privacy-policy","status":"publish","type":"page","link":"https:\/\/roma.xplore-festival.com\/it\/privacy-policy\/","title":{"rendered":"Politica sulla privacy"},"content":{"rendered":"<p><strong>Avviso sulla protezione dei dati (traduzione automatica)<\/strong><br><div class=\"trp_language_switcher_shortcode\">\n<div class=\"trp-language-switcher trp-language-switcher-container\" data-no-translation>\n    <div class=\"trp-ls-shortcode-current-language\">\n        <a href=\"#\" class=\"trp-ls-shortcode-disabled-language trp-ls-disabled-language\" title=\"Italiano\" onclick=\"event.preventDefault()\">\n\t\t\t<img class=\"trp-flag-image\" src=\"https:\/\/roma.xplore-festival.com\/wp-content\/plugins\/translatepress-multilingual\/assets\/images\/flags\/it_IT.png\" width=\"18\" height=\"12\" alt=\"it_IT\" title=\"Italiano\"> IT\t\t<\/a>\n    <\/div>\n    <div class=\"trp-ls-shortcode-language\">\n                <a href=\"#\" class=\"trp-ls-shortcode-disabled-language trp-ls-disabled-language\"  title=\"Italiano\" onclick=\"event.preventDefault()\">\n\t\t\t<img class=\"trp-flag-image\" src=\"https:\/\/roma.xplore-festival.com\/wp-content\/plugins\/translatepress-multilingual\/assets\/images\/flags\/it_IT.png\" width=\"18\" height=\"12\" alt=\"it_IT\" title=\"Italiano\"> IT\t\t<\/a>\n                    <a href=\"https:\/\/roma.xplore-festival.com\/wp-json\/wp\/v2\/pages\/611\/\" title=\"English (UK)\">\n            <img class=\"trp-flag-image\" src=\"https:\/\/roma.xplore-festival.com\/wp-content\/plugins\/translatepress-multilingual\/assets\/images\/flags\/en_GB.png\" width=\"18\" height=\"12\" alt=\"en_GB\" title=\"English (UK)\"> EN        <\/a>\n\n        <\/div>\n    <script type=\"application\/javascript\">\n        \/\/ need to have the same with set from JS on both divs. Otherwise it can push stuff around in HTML\n        var trp_ls_shortcodes = document.querySelectorAll('.trp-language-switcher');\n        if ( trp_ls_shortcodes.length > 0) {\n            \/\/ get the last language switcher added\n            var trp_el = trp_ls_shortcodes[trp_ls_shortcodes.length - 1];\n\n            \/* Added extra check to not execute width adjustment on the shortcode language switcher placed inside\n             * trp_ald_ls_shortcode_popup Automatic User Language Detection Popup.\n             * A similar script is executed there to adjust width.\n             *\/\n            if ( ! ( (\" \" + trp_el.parentNode.className + \" \").replace(\/[\\n\\t]\/g, \" \").indexOf(\" trp_ald_ls_shortcode_popup \") > -1 ) ){\n                \/\/ above expression is vanilla JS for \"does not have CSS class trp_ald_ls_shortcode_popup\" in the parent node\n\n                var trp_shortcode_language_item = trp_el.querySelector( '.trp-ls-shortcode-language' )\n                \/\/ set width\n                var trp_ls_shortcode_width                                               = trp_shortcode_language_item.offsetWidth + 16;\n                trp_shortcode_language_item.style.width                                  = trp_ls_shortcode_width + 'px';\n                trp_el.querySelector( '.trp-ls-shortcode-current-language' ).style.width = trp_ls_shortcode_width + 'px';\n\n                \/\/ We're putting this on display: none after we have its width.\n                trp_shortcode_language_item.style.display = 'none';\n            }\n        }\n    <\/script>\n<\/div>\n<\/div><\/p>\n\n\n\n<div class=\"wp-block-image\"><figure class=\"alignright is-resized\"><img src=\"https:\/\/roma.xplore-festival.com\/wp-content\/uploads\/privacy-policy.jpg\" alt=\"\" class=\"wp-image-664\" width=\"269\" height=\"404\" srcset=\"https:\/\/roma.xplore-festival.com\/wp-content\/uploads\/privacy-policy.jpg 538w, https:\/\/roma.xplore-festival.com\/wp-content\/uploads\/privacy-policy-200x300.jpg 200w\" sizes=\"(max-width: 269px) 100vw, 269px\" \/><\/figure><\/div>\n\n\n\n<p>Siamo lieti che tu sia interessato al festival e abbia scelto di visitare il nostro sito web. La protezione dei dati personali in ogni fase della nostra collaborazione \u00e8 una questione che ci preoccupa particolarmente. Vorremmo quindi spiegare quali informazioni saranno raccolte durante la vostra visita al sito Web e come verranno utilizzate.<\/p>\n\n\n\n<p>1. Registrazioni \/ Prenotazione \/ Prenotazione<\/p>\n\n\n\n<p>Se si effettua una prenotazione \/ prenotazione tramite un sito Web Xplore, archiviamo i dati forniti dall&#039;utente al momento della prenotazione (nome, indirizzo, indirizzo e-mail, dati di prenotazione e di pagamento) allo scopo di elaborare la prenotazione al festival. ho prenotato Tutti i dati saranno trasmessi in forma crittografata utilizzando metodi all&#039;avanguardia. Memorizzeremo i tuoi dati di cui sopra allo scopo di gestire le tue prenotazioni.<\/p>\n\n\n\n<p>2. Newsletter<\/p>\n\n\n\n<p>Se non ti sei opposto all&#039;uso del tuo indirizzo e-mail per scopi pubblicitari quando effettui la tua prenotazione o in un secondo momento, conserveremo il tuo indirizzo e-mail e useremo questo per inviarti la nostra newsletter per informarti su aur Festival. Non trasmetteremo il tuo indirizzo e-mail a terzi. Puoi cancellare la nostra newsletter in qualsiasi momento utilizzando il link fornito in ciascuna edizione della newsletter. Cancelleremo quindi il tuo indirizzo e-mail dalla nostra lista di distribuzione e-mail.<\/p>\n\n\n\n<p>3. Modulo di contatto<\/p>\n\n\n\n<p>Se hai inserito i dati nel nostro modulo di contatto, useremo questi dati per comunicare con te. Si prega di non inviarci alcun dato confidenziale tramite il modulo di contatto, in quanto questa forma di trasferimento dei dati non \u00e8 crittografata. Non trasmetteremo i tuoi dati a terzi.<\/p>\n\n\n\n<p>4. Servizio di analisi web di Google Analytics<\/p>\n\n\n\n<p>Questo sito web utilizza Google Analytics, un servizio di analisi web di Google Inc. (&quot;Google&quot;). Google Analytics utilizza i cosiddetti &quot;cookie&quot;, che sono file di testo memorizzati sul tuo computer che consentono un&#039;analisi del tuo utilizzo del sito web. Le informazioni generate dal cookie riguardanti l&#039;utilizzo di questo sito Web (compreso il tuo indirizzo IP) vengono trasferite su un server di Google negli Stati Uniti in cui \u00e8 memorizzato. Google utilizzer\u00e0 queste informazioni per analizzare l&#039;utilizzo del sito Web, compilare report sulle attivit\u00e0 dell&#039;utente sul sito Web e eseguire servizi aggiuntivi relativi all&#039;uso del sito Web e di Internet. Google pu\u00f2 trasmettere queste informazioni a terzi se richiesto dalla legge in tal senso o se terzi trattano questi dati per conto di Google. Google non collegher\u00e0 mai il tuo indirizzo IP con altri dati di Google. \u00c8 possibile impedire l&#039;installazione di cookie modificando le impostazioni del software del browser. Utilizzando questo sito web, acconsenti al trattamento dei dati che ti riguardano da parte di Google nelle modalit\u00e0 sopra descritte e per lo scopo indicato in precedenza. Il nostro sito web utilizza la funzione anonima di Google Analytics. Gli indirizzi IP vengono quindi memorizzati ed elaborati solo in forma abbreviata, in modo che non sia possibile correlare i dati a in-dividuali. Puoi impedire temporaneamente o definitivamente a Google Analytics di memorizzare cookie sul tuo computer; per fare questo \u00e8 possibile scaricare un componente aggiuntivo di disattivazione per il browser da&nbsp;<a target=\"_blank\" href=\"http:\/\/tools.google.com\/dlpage\/gaoptout?hl=en\" rel=\"noreferrer noopener\">tools.google.com<\/a><\/p>\n\n\n\n<p>5. Dati del protocollo<\/p>\n\n\n\n<p>Quando visiti il nostro sito Web e ogni volta che recuperi un file, i dati trasferiti dal browser vengono automaticamente archiviati. Questi dati sono: - Tipo di browser - Sistema operativo utilizzato - URL referrer - Nome host del computer di accesso (indirizzo IP) - Data e ora del recupero. A parte l&#039;indirizzo IP, non si tratta di dati personali. Gli indirizzi IP consentono l&#039;indirizzamento dei dispositivi su Internet. Ogni computer ha un indirizzo IP distintivo sotto forma di una sequenza numerica definita.<\/p>\n\n\n\n<p>6. Informazioni, correzioni, cancellazione tramite il modulo di contatto<\/p>\n\n\n\n<p>Su richiesta scritta, ti comunicheremo se e quali dati personali abbiamo conservato su di te; questo sar\u00e0 gratuito per te - a parte le spese di spedizione. Se necessario, correggeremo eventuali dati errati sulla tua richiesta. Hai il diritto in qualsiasi momento di revocare il tuo consenso a noi utilizzando i tuoi dati, in parte o integralmente, per il futuro. In questo caso, elimineremo i tuoi dati. In casi eccezionali, tuttavia, la cancellazione pu\u00f2 essere soggetta a un periodo di conservazione previsto dalla legge. Si prega di indirizzare tutte le comunicazioni o domande riguardanti l&#039;elaborazione o l&#039;utilizzo dei dati attraverso il nostro modulo di contatto.<\/p>\n\n\n\n<p>7. Acquisto di biglietti tramite Ticket Tailor<\/p>\n\n\n\n<p> Il nostro negozio di biglietti per eventi utilizza i cookie per consentirci di riconoscerti al tuo ritorno e personalizzare le tue impostazioni e preferenze. La maggior parte dei browser \u00e8 inizialmente impostata per accettare i cookie. \u00c8 possibile modificare le impostazioni del browser per notificarti quando hai ricevuto un cookie o per rifiutare di accettare i cookie. Si prega di notare che il nostro negozio di biglietti per eventi potrebbe non funzionare in modo efficiente se si rifiuta di accettare i cookie. Usiamo anche Google Analytics per monitorare come viene utilizzato il negozio di biglietti dell&#039;evento. Google Analytics raccoglie informazioni in modo anonimo e genera rapporti che descrivono informazioni quali il numero di visite al negozio di biglietti dell&#039;evento, da dove provengono i visitatori, per quanto tempo sono rimasti nel negozio di biglietti dell&#039;evento e quali pagine hanno visitato. Google Analytics mette diversi cookie permanenti sul disco rigido del tuo computer. Questi non raccolgono alcun dato personale. Se non sei d&#039;accordo, puoi disabilitare i cookie persistenti nel tuo browser. Ci\u00f2 impedir\u00e0 a Google Analytics di registrare le tue visite. <\/p>\n\n\n\n<p><br><\/p>\n\n\n\n<p>\n[cookie-control]\n\n<\/p>","protected":false},"excerpt":{"rendered":"<p>Data protection notice We are pleased that you are interested in festival and have chosen to visit our website. Protecting your personal data at every stage of our collaboration is a matter of particular concern to us. We would therefore like to explain what information will be gathered during your visit to the website, and &hellip;<\/p>\n<p class=\"read-more\"> <a class=\"\" href=\"https:\/\/roma.xplore-festival.com\/it\/privacy-policy\/\"> <span class=\"screen-reader-text\">Politica sulla privacy<\/span> Leggi altro \u00bb<\/a><\/p>","protected":false},"author":9,"featured_media":0,"parent":0,"menu_order":0,"comment_status":"closed","ping_status":"closed","template":"","meta":{"site-sidebar-layout":"default","site-content-layout":"default","ast-global-header-display":"","ast-main-header-display":"","ast-hfb-above-header-display":"","ast-hfb-below-header-display":"","ast-hfb-mobile-header-display":"","site-post-title":"","ast-breadcrumbs-content":"","ast-featured-img":"","footer-sml-layout":"","theme-transparent-header-meta":"default","adv-header-id-meta":"","stick-header-meta":"default","header-above-stick-meta":"","header-main-stick-meta":"","header-below-stick-meta":""},"_links":{"self":[{"href":"https:\/\/roma.xplore-festival.com\/it\/wp-json\/wp\/v2\/pages\/611"}],"collection":[{"href":"https:\/\/roma.xplore-festival.com\/it\/wp-json\/wp\/v2\/pages"}],"about":[{"href":"https:\/\/roma.xplore-festival.com\/it\/wp-json\/wp\/v2\/types\/page"}],"author":[{"embeddable":true,"href":"https:\/\/roma.xplore-festival.com\/it\/wp-json\/wp\/v2\/users\/9"}],"replies":[{"embeddable":true,"href":"https:\/\/roma.xplore-festival.com\/it\/wp-json\/wp\/v2\/comments?post=611"}],"version-history":[{"count":0,"href":"https:\/\/roma.xplore-festival.com\/it\/wp-json\/wp\/v2\/pages\/611\/revisions"}],"wp:attachment":[{"href":"https:\/\/roma.xplore-festival.com\/it\/wp-json\/wp\/v2\/media?parent=611"}],"curies":[{"name":"wp","href":"https:\/\/api.w.org\/{rel}","templated":true}]}}