{"id":4435,"date":"2022-05-31T23:57:43","date_gmt":"2022-05-31T21:57:43","guid":{"rendered":"https:\/\/roma.xplore-festival.com\/?page_id=4435"},"modified":"2022-06-08T08:28:41","modified_gmt":"2022-06-08T06:28:41","slug":"caterina-genta-22","status":"publish","type":"page","link":"https:\/\/roma.xplore-festival.com\/it\/caterina-genta-22\/","title":{"rendered":"Caterina Genta"},"content":{"rendered":"<div data-elementor-type=\"wp-page\" data-elementor-id=\"4435\" class=\"elementor elementor-4435\">\n\t\t\t\t\t\t<div class=\"elementor-inner\">\n\t\t\t\t<div class=\"elementor-section-wrap\">\n\t\t\t\t\t\t\t\t\t<section class=\"has_eae_slider elementor-section elementor-top-section elementor-element elementor-element-49e359a7 elementor-section-boxed elementor-section-height-default elementor-section-height-default\" data-id=\"49e359a7\" data-element_type=\"section\">\n\t\t\t\t\t\t<div class=\"elementor-container elementor-column-gap-default\">\n\t\t\t\t\t\t\t<div class=\"elementor-row\">\n\t\t\t\t\t<div class=\"has_eae_slider elementor-column elementor-col-100 elementor-top-column elementor-element elementor-element-70ab8198\" data-id=\"70ab8198\" data-element_type=\"column\">\n\t\t\t<div class=\"elementor-column-wrap elementor-element-populated\">\n\t\t\t\t\t\t\t<div class=\"elementor-widget-wrap\">\n\t\t\t\t\t\t<div class=\"elementor-element elementor-element-45088484 elementor-widget elementor-widget-text-editor\" data-id=\"45088484\" data-element_type=\"widget\" data-widget_type=\"text-editor.default\">\n\t\t\t\t<div class=\"elementor-widget-container\">\n\t\t\t\t\t\t\t\t<div class=\"elementor-text-editor elementor-clearfix\">\n\t\t\t\t<p><!-- wp:gallery {\"linkTo\":\"none\",\"align\":\"right\"} --><\/p>\n<figure class=\"wp-block-gallery alignright has-nested-images columns-default is-cropped\"><!-- wp:image {\"id\":4426,\"sizeSlug\":\"large\",\"linkDestination\":\"none\",\"className\":\"is-style-rounded\"} --><p><\/p>\n<figure class=\"wp-block-image size-large is-style-rounded\"><img width=\"768\" height=\"1024\" class=\"wp-image-4426\" src=\"https:\/\/roma.xplore-festival.com\/wp-content\/uploads\/IMG_20220423_224423-01-768x1024.jpeg\" alt=\"\" srcset=\"https:\/\/roma.xplore-festival.com\/wp-content\/uploads\/IMG_20220423_224423-01-768x1024.jpeg 768w, https:\/\/roma.xplore-festival.com\/wp-content\/uploads\/IMG_20220423_224423-01-225x300.jpeg 225w, https:\/\/roma.xplore-festival.com\/wp-content\/uploads\/IMG_20220423_224423-01-1152x1536.jpeg 1152w, https:\/\/roma.xplore-festival.com\/wp-content\/uploads\/IMG_20220423_224423-01-1536x2048.jpeg 1536w, https:\/\/roma.xplore-festival.com\/wp-content\/uploads\/IMG_20220423_224423-01-9x12.jpeg 9w, https:\/\/roma.xplore-festival.com\/wp-content\/uploads\/IMG_20220423_224423-01-scaled.jpeg 1920w\" sizes=\"(max-width: 768px) 100vw, 768px\" \/><\/figure>\n<p><!-- \/wp:image --><\/p>\n<\/figure>\n<p><!-- \/wp:gallery --><!-- wp:paragraph {\"style\":{\"typography\":{\"fontSize\":\"25px\"}}} --><\/p>\n<p style=\"font-size: 25px;\" class=\" translation-block\">Caterina Genta \u00e8 una performer italiana autrice e interprete di progetti multimediali e spettacoli dal vivo. Utilizza e contamina danza, canto, teatro, video, fotografia. \nNel lavoro artistico e nell'insegnamento integra conoscenze di arti marziali, tecniche di meditazione, massaggio tantra, consapevolezza e autoguarigione con un approccio olistico nella ricerca del benessere psicofisico e di un'autentica urgenza espressiva, in dialogo con la natura, l'ambiente, il pubblico, attraverso il piacere, il divertimento, la leggerezza, l'espressione della vitalit\u00e0 e della propria essenza ancestrale e selvaggia.\nFormata in Germania alla Folkwang University of Arts in Teatrodanza e Composizione Coreografica, i suoi maestri sono stati i danzatori storici della compagnia di Pina Bausch. La danza Butoh inoltre le ha dato occasione di approfondire mondi invisibili, spiritualit\u00e0 e carnalit\u00e0. Predilige una forma teatrale e di movimento che non prescinde dalla tecnica ma si spinge oltre i codici. \nHa collaborato con numerosi registi, coreografi, compagnie e festival in Italia e all\u2019estero : Susanne Linke, Jos\u00e8 Limon, Jean C\u00e8bron, Hanz Z\u00fcllig, Vivien Bridson, Dominique Mercy, Malou Airaudo, Lutz F\u00f6rster, Ria de Corte, Bruno Jacquin, Tetsuro Fukuhara, Yumiko Yoshioka, Balletto '90, Palermo Danza, Vuelazul, Giuseppina von Bingen, Oretta Bizzarri, Vera Stasi, Teatro Valdoca, Danio Manfredini, La MaMa Umbria International, Luigi Squarzina, Elizabeth Swados, Festival di Spoleto, Christine Linklater, Alessandro Fabrizi, Markus Imhoof, Berlin International Film Festival, Alessandro Gasman, Giulio Scarpati, Teatro Stabile del Veneto, Marco Bellocchio, Giuseppe Bertolucci, Citto Maselli, Vanni de Simone e altri. \nDal 2006 al 2016 il sodalizio artistico con Marco Schiavoni ha dato vita a decine di produzioni, spettacoli, cortometraggi, videoclip. Dopo una breve parentesi nelle istituzioni con le Officine Culturali della Tuscia e la direzione artistica del Balletto di Spoleto, \u00e8 tornata a essere un\u2019artista indipendente. \nDal 2015 \u00e8 insegnante Feldenkrais. \nNel 2016 ha partecipato alla coreografia Soffio di Mark Sieczkarek, prodotta da Asmed e Sardegna Teatro e ha creato per Asmed Tempesta presentata a Verona-Festival Shakespeariano, all'Aquila-Festival Cantieri dell\u2019Immaginario, Cagliari- Festival Internazionale Nuova Danza, Varsavia-Zawirowania Festival.  \nSempre nel 2016 ha fondato la band Cat &amp; the Calibans, con un repertorio di canzoni originali, ha collaborato con Mauro Tiberi e la band psichedelica Druna e con Michele Uccheddu ed Emanuele Balia per il trio Electropunk LST ospite al Festival Sant'Anna Arresi nel 2017. \nNel 2018 \u00e8 stata docente ospite al DAMS Universit\u00e0 del Salento e protagonista dello spettacolo Tarantant\u00e9ra di Gianfranco Salvatore. Nel 2019 ha partecipato al progetto transmediale Re-flow, produzione COORPI e NABA e cantante\/danzatrice solista in Around Ummagumma, Auditorium Parco della Musica, Roma. \nDall' autunno del 2019 collabora con Luigi Parravicini in spettacoli dal vivo, produzioni di videoarte e musicali. Tra le opere dal vivo l'assolo Amapola in stagione al Teatro Basilica con la direzione artistica di Antonio Calenda; nel dicembre 2019 il duo Amapola al festival Voci dell'Anima 2020, Teodora per l'Estate Rosellana 2021 oltre alle esibizioni del duo musicale Electro Indao e alla produzione dell'opera di videodanza Abbiamo Bisogno di Danze Selvagge, progetto coreografico per Resid'And 2020\/2021, Accademia Nazionale di Danza e la performance di danza, video e live electronics Corpo Alchemico, ospite al Festival Logos ex Snia Viscosa, Roma. \nNel 2021 ha partecipato, in qualit\u00e0 di presenter, al Festival Xplore Roma.\nContemporaneamente prosegue la ricerca di autoritratti fotografici; le sue opere sono esposte all\u2019Atelier Montez di Roma per il progetto be**pART: the largest collettive art exhibition, involving transnationally artists to built a resilient community in this severe times. \nIl 18 giugno 2022 a Roma parteciper\u00e0, con la performance Corpo Alchemico, alla mostra collettiva Ingresso Libero organizzata dal gruppo Artisti per la Costituzione, presso l\u2019Atelier Montez.<\/p>\n<p><br><\/p>\n<p><!-- \/wp:paragraph --><!-- wp:spacer {\"height\":\"46px\"} --><\/p>\n\n<p><!-- \/wp:spacer --><!-- wp:heading {\"textColor\":\"black\"} --><\/p>\n<h2 class=\"has-black-color has-text-color\"><a href=\"https:\/\/roma.xplore-festival.com\/it\/workshop-2022\/\" data-type=\"page\" data-id=\"3721\">Workshop<\/a><\/h2>\n<p><!-- \/wp:heading --><!-- wp:heading {\"textColor\":\"black\"} --><\/p>\n<h2 class=\"has-black-color has-text-color\"><a href=\"https:\/\/roma.xplore-festival.com\/it\/tribe\/\">Tribes<\/a> \/\/ <a href=\"https:\/\/roma.xplore-festival.com\/it\/integrating-pleasure\/\">Integrating pleasure<\/a><\/h2>\n<p><!-- \/wp:heading --><!-- wp:separator --><\/p>\n<hr class=\"wp-block-separator\">\n<p><!-- \/wp:separator --><\/p>\t\t\t\t\t<\/div>\n\t\t\t\t\t\t<\/div>\n\t\t\t\t<\/div>\n\t\t\t\t\t\t<\/div>\n\t\t\t\t\t<\/div>\n\t\t<\/div>\n\t\t\t\t\t\t\t\t<\/div>\n\t\t\t\t\t<\/div>\n\t\t<\/section>\n\t\t\t\t\t\t\t\t\t<\/div>\n\t\t\t<\/div>\n\t\t\t\t\t<\/div>","protected":false},"excerpt":{"rendered":"<p>Caterina is an Italian performer and author of multimedia projects and live performances. She uses and contaminates dance, singing, theater, video, and photography. In her artistic work and teaching, she integrates knowledge of martial arts, meditation techniques, tantra massage, mindfulness and self-healing with a holistic approach in the search for psychophysical well-being and authentic expressive &hellip;<\/p>\n<p class=\"read-more\"> <a class=\"\" href=\"https:\/\/roma.xplore-festival.com\/it\/caterina-genta-22\/\"> <span class=\"screen-reader-text\">Caterina Genta<\/span> Leggi altro \u00bb<\/a><\/p>","protected":false},"author":9,"featured_media":0,"parent":0,"menu_order":0,"comment_status":"closed","ping_status":"closed","template":"","meta":{"site-sidebar-layout":"default","site-content-layout":"default","ast-global-header-display":"","ast-main-header-display":"","ast-hfb-above-header-display":"","ast-hfb-below-header-display":"","ast-hfb-mobile-header-display":"","site-post-title":"","ast-breadcrumbs-content":"","ast-featured-img":"","footer-sml-layout":"","theme-transparent-header-meta":"default","adv-header-id-meta":"","stick-header-meta":"default","header-above-stick-meta":"","header-main-stick-meta":"","header-below-stick-meta":""},"_links":{"self":[{"href":"https:\/\/roma.xplore-festival.com\/it\/wp-json\/wp\/v2\/pages\/4435"}],"collection":[{"href":"https:\/\/roma.xplore-festival.com\/it\/wp-json\/wp\/v2\/pages"}],"about":[{"href":"https:\/\/roma.xplore-festival.com\/it\/wp-json\/wp\/v2\/types\/page"}],"author":[{"embeddable":true,"href":"https:\/\/roma.xplore-festival.com\/it\/wp-json\/wp\/v2\/users\/9"}],"replies":[{"embeddable":true,"href":"https:\/\/roma.xplore-festival.com\/it\/wp-json\/wp\/v2\/comments?post=4435"}],"version-history":[{"count":17,"href":"https:\/\/roma.xplore-festival.com\/it\/wp-json\/wp\/v2\/pages\/4435\/revisions"}],"predecessor-version":[{"id":4561,"href":"https:\/\/roma.xplore-festival.com\/it\/wp-json\/wp\/v2\/pages\/4435\/revisions\/4561"}],"wp:attachment":[{"href":"https:\/\/roma.xplore-festival.com\/it\/wp-json\/wp\/v2\/media?parent=4435"}],"curies":[{"name":"wp","href":"https:\/\/api.w.org\/{rel}","templated":true}]}}