{"id":3831,"date":"2022-05-06T18:54:41","date_gmt":"2022-05-06T16:54:41","guid":{"rendered":"https:\/\/roma.xplore-festival.com\/?page_id=3831"},"modified":"2022-06-08T10:58:35","modified_gmt":"2022-06-08T08:58:35","slug":"sanya-ayala","status":"publish","type":"page","link":"https:\/\/roma.xplore-festival.com\/it\/sanya-ayala\/","title":{"rendered":"Sanya Alaya"},"content":{"rendered":"<figure class=\"wp-block-gallery alignright has-nested-images columns-default is-cropped\">\n<figure class=\"wp-block-image size-large is-style-rounded\"><img data-id=\"3832\"  src=\"https:\/\/roma.xplore-festival.com\/wp-content\/uploads\/4-1024x683.png\" alt=\"\" class=\"wp-image-3832\"\/><\/figure>\n<\/figure>\n\n\n\n<p style=\"font-size:28px\">Sanya Alaya \u00e8 una terapeuta del corpo e della mente, specializzata in benessere olistico e sessualit\u00e0. Trasformando i propri traumi e dolori cronici in una vita di amore, consapevolezza e piacere, oggi facilita processi informati sui traumi, in workshop, eventi e tutoraggi, integrando (Neo-)Tantra, Sexological Body work,   Shadow Work, BDSM consapevole, Consciousness CC\u00ae Coaching, Alchimia Emozionale, De-Armouring e Breathwork. La missione del suo cuore \u00e8 trasmettervi il potere di appropriarvi della vostra sensualit\u00e0, giocosit\u00e0 e espressione, aiutarvi ad amarvi meglio, a svelare i condizionamenti ed a RECLAMARE LA VOSTRA VOGLIA DI VIVERE.<\/p>\n\n\n\n<p><\/p>\n\n\n\n<div style=\"height:46px\" aria-hidden=\"true\" class=\"wp-block-spacer\"><\/div>\n\n\n\n<h2 class=\"has-black-color has-text-color\">Workshop <\/h2>\n\n\n\n<hr class=\"wp-block-separator\"\/>\n\n\n\n<h2 class=\"has-vivid-red-color has-text-color\" style=\"font-size:35px\"><strong><a href=\"https:\/\/roma.xplore-festival.com\/it\/free-body-2\/\"><mark style=\"background-color:rgba(0, 0, 0, 0)\" class=\"has-inline-color has-vivid-red-color\"> <\/mark><\/a><\/strong><a href=\"https:\/\/roma.xplore-festival.com\/it\/surrender-to-physical-resilience\/\" data-type=\"post\" data-id=\"4072\"><strong><mark style=\"background-color:rgba(0, 0, 0, 0)\" class=\"has-inline-color has-vivid-red-color\">Surrender to Physical Resilience \/\/ <\/mark><\/strong><\/a><a href=\"https:\/\/roma.xplore-festival.com\/it\/surrender-to-the-breath\/\" data-type=\"post\" data-id=\"4085\"><strong><mark style=\"background-color:rgba(0, 0, 0, 0)\" class=\"has-inline-color has-vivid-red-color\">Surrender to the<\/mark><\/strong> breath <\/a><\/h2>","protected":false},"excerpt":{"rendered":"<p>Sanya Alaya is a body and mind therapist, specialized in holistic wellbeing and sexuality. Transforming her own traumas and chronic pain life of love, consciousness and pleasure, she now facilitates trauma informed processes, in workshops, events and mentorings, integrating (Neo-)Tantra, Sexological Bodywork, Shadow Work, Conscious BDSM, Consciousness CC\u00ae Coaching, Emotional Alchemy, De-Armouring and Breathwork. Her &hellip;<\/p>\n<p class=\"read-more\"> <a class=\"\" href=\"https:\/\/roma.xplore-festival.com\/it\/sanya-ayala\/\"> <span class=\"screen-reader-text\">Sanya Alaya<\/span> Leggi altro \u00bb<\/a><\/p>","protected":false},"author":9,"featured_media":0,"parent":0,"menu_order":0,"comment_status":"closed","ping_status":"closed","template":"","meta":{"site-sidebar-layout":"default","site-content-layout":"default","ast-global-header-display":"","ast-main-header-display":"","ast-hfb-above-header-display":"","ast-hfb-below-header-display":"","ast-hfb-mobile-header-display":"","site-post-title":"","ast-breadcrumbs-content":"","ast-featured-img":"","footer-sml-layout":"","theme-transparent-header-meta":"default","adv-header-id-meta":"","stick-header-meta":"default","header-above-stick-meta":"","header-main-stick-meta":"","header-below-stick-meta":""},"_links":{"self":[{"href":"https:\/\/roma.xplore-festival.com\/it\/wp-json\/wp\/v2\/pages\/3831"}],"collection":[{"href":"https:\/\/roma.xplore-festival.com\/it\/wp-json\/wp\/v2\/pages"}],"about":[{"href":"https:\/\/roma.xplore-festival.com\/it\/wp-json\/wp\/v2\/types\/page"}],"author":[{"embeddable":true,"href":"https:\/\/roma.xplore-festival.com\/it\/wp-json\/wp\/v2\/users\/9"}],"replies":[{"embeddable":true,"href":"https:\/\/roma.xplore-festival.com\/it\/wp-json\/wp\/v2\/comments?post=3831"}],"version-history":[{"count":5,"href":"https:\/\/roma.xplore-festival.com\/it\/wp-json\/wp\/v2\/pages\/3831\/revisions"}],"predecessor-version":[{"id":4589,"href":"https:\/\/roma.xplore-festival.com\/it\/wp-json\/wp\/v2\/pages\/3831\/revisions\/4589"}],"wp:attachment":[{"href":"https:\/\/roma.xplore-festival.com\/it\/wp-json\/wp\/v2\/media?parent=3831"}],"curies":[{"name":"wp","href":"https:\/\/api.w.org\/{rel}","templated":true}]}}