{"id":3823,"date":"2022-05-06T18:47:16","date_gmt":"2022-05-06T16:47:16","guid":{"rendered":"https:\/\/roma.xplore-festival.com\/?page_id=3823"},"modified":"2022-06-09T09:57:21","modified_gmt":"2022-06-09T07:57:21","slug":"jeremy-shub","status":"publish","type":"page","link":"https:\/\/roma.xplore-festival.com\/it\/jeremy-shub\/","title":{"rendered":"Jeremy Shub"},"content":{"rendered":"<figure class=\"wp-block-gallery alignright has-nested-images columns-default is-cropped\">\n<figure class=\"wp-block-image size-large is-style-rounded\"><img width=\"1024\" height=\"954\" data-id=\"3825\"  src=\"https:\/\/roma.xplore-festival.com\/wp-content\/uploads\/j6-copie-1024x954.jpg\" alt=\"\" class=\"wp-image-3825\" srcset=\"https:\/\/roma.xplore-festival.com\/wp-content\/uploads\/j6-copie-1024x954.jpg 1024w, https:\/\/roma.xplore-festival.com\/wp-content\/uploads\/j6-copie-300x279.jpg 300w, https:\/\/roma.xplore-festival.com\/wp-content\/uploads\/j6-copie-768x716.jpg 768w, https:\/\/roma.xplore-festival.com\/wp-content\/uploads\/j6-copie-13x12.jpg 13w, https:\/\/roma.xplore-festival.com\/wp-content\/uploads\/j6-copie.jpg 1302w\" sizes=\"(max-width: 1024px) 100vw, 1024px\" \/><\/figure>\n<\/figure>\n\n\n\n<p style=\"font-size:23px\" class=\" translation-block\">Jeremy lavora attualmente con la sessualit\u00e0 come terapista, educatore e coach. Vive a Berlino. Si identifica come poli-amoroso, libertino, lavoratore del sesso, kinky, di genere fluido e queer. Jeremy \u00e8 laureato in Educazione, Scienze, Arte creativa e Salute sessuale. Ha tenuto molti workshop sulla sessualit\u00e0, le relazioni e il piacere. www.jeremyshub.com Jeremy \u00e8 disponibile per sessioni faccia a faccia o online, per coloro che vivono a distanza.<\/p>\n\n\n\n<h2 class=\"has-black-color has-text-color\"><a href=\"https:\/\/roma.xplore-festival.com\/it\/workshop-2022\/\" data-type=\"page\" data-id=\"3721\">Workshop <\/a><\/h2>\n\n\n\n<h2 class=\"has-vivid-red-color has-text-color\"><a href=\"https:\/\/roma.xplore-festival.com\/it\/queer-flirting\/\" data-type=\"post\" data-id=\"3964\">Flirt Queer<\/a> \/\/ <a href=\"https:\/\/roma.xplore-festival.com\/it\/anal-massage\/\" data-type=\"post\" data-id=\"3977\">Massagio Anale<\/a><\/h2>\n\n\n\n<hr class=\"wp-block-separator\"\/>","protected":false},"excerpt":{"rendered":"<p>Jeremy currently works as a Sex therapist, Sex educator, Sexological Bodyworker, Sex Relationship coach. They live in Berlin. They identify as polyamorous, slutty, sex worker, kinky, genderfluid and queer. Jeremy has university degrees in Education, Science, Creative Art and Sexual Health. They have facilitated many workshops on sexuality, relationships and pleasure.&nbsp;www.jeremyshub.com&nbsp;Jeremy is available to sessions &hellip;<\/p>\n<p class=\"read-more\"> <a class=\"\" href=\"https:\/\/roma.xplore-festival.com\/it\/jeremy-shub\/\"> <span class=\"screen-reader-text\">Jeremy Shub<\/span> Leggi altro \u00bb<\/a><\/p>","protected":false},"author":9,"featured_media":0,"parent":0,"menu_order":0,"comment_status":"closed","ping_status":"closed","template":"","meta":{"site-sidebar-layout":"default","site-content-layout":"default","ast-global-header-display":"","ast-main-header-display":"","ast-hfb-above-header-display":"","ast-hfb-below-header-display":"","ast-hfb-mobile-header-display":"","site-post-title":"","ast-breadcrumbs-content":"","ast-featured-img":"","footer-sml-layout":"","theme-transparent-header-meta":"default","adv-header-id-meta":"","stick-header-meta":"default","header-above-stick-meta":"","header-main-stick-meta":"","header-below-stick-meta":""},"_links":{"self":[{"href":"https:\/\/roma.xplore-festival.com\/it\/wp-json\/wp\/v2\/pages\/3823"}],"collection":[{"href":"https:\/\/roma.xplore-festival.com\/it\/wp-json\/wp\/v2\/pages"}],"about":[{"href":"https:\/\/roma.xplore-festival.com\/it\/wp-json\/wp\/v2\/types\/page"}],"author":[{"embeddable":true,"href":"https:\/\/roma.xplore-festival.com\/it\/wp-json\/wp\/v2\/users\/9"}],"replies":[{"embeddable":true,"href":"https:\/\/roma.xplore-festival.com\/it\/wp-json\/wp\/v2\/comments?post=3823"}],"version-history":[{"count":3,"href":"https:\/\/roma.xplore-festival.com\/it\/wp-json\/wp\/v2\/pages\/3823\/revisions"}],"predecessor-version":[{"id":4611,"href":"https:\/\/roma.xplore-festival.com\/it\/wp-json\/wp\/v2\/pages\/3823\/revisions\/4611"}],"wp:attachment":[{"href":"https:\/\/roma.xplore-festival.com\/it\/wp-json\/wp\/v2\/media?parent=3823"}],"curies":[{"name":"wp","href":"https:\/\/api.w.org\/{rel}","templated":true}]}}