{"id":3805,"date":"2022-05-06T18:18:07","date_gmt":"2022-05-06T16:18:07","guid":{"rendered":"https:\/\/roma.xplore-festival.com\/?page_id=3805"},"modified":"2022-06-08T10:07:21","modified_gmt":"2022-06-08T08:07:21","slug":"dunbear-beardsley","status":"publish","type":"page","link":"https:\/\/roma.xplore-festival.com\/it\/dunbear-beardsley\/","title":{"rendered":"Dunbear Beardsley"},"content":{"rendered":"<div data-elementor-type=\"wp-page\" data-elementor-id=\"3805\" class=\"elementor elementor-3805\">\n\t\t\t\t\t\t<div class=\"elementor-inner\">\n\t\t\t\t<div class=\"elementor-section-wrap\">\n\t\t\t\t\t\t\t\t\t<section class=\"has_eae_slider elementor-section elementor-top-section elementor-element elementor-element-579e0b50 elementor-section-boxed elementor-section-height-default elementor-section-height-default\" data-id=\"579e0b50\" data-element_type=\"section\">\n\t\t\t\t\t\t<div class=\"elementor-container elementor-column-gap-default\">\n\t\t\t\t\t\t\t<div class=\"elementor-row\">\n\t\t\t\t\t<div class=\"has_eae_slider elementor-column elementor-col-100 elementor-top-column elementor-element elementor-element-e381634\" data-id=\"e381634\" data-element_type=\"column\">\n\t\t\t<div class=\"elementor-column-wrap elementor-element-populated\">\n\t\t\t\t\t\t\t<div class=\"elementor-widget-wrap\">\n\t\t\t\t\t\t<div class=\"elementor-element elementor-element-7121897 elementor-widget elementor-widget-text-editor\" data-id=\"7121897\" data-element_type=\"widget\" data-widget_type=\"text-editor.default\">\n\t\t\t\t<div class=\"elementor-widget-container\">\n\t\t\t\t\t\t\t\t<div class=\"elementor-text-editor elementor-clearfix\">\n\t\t\t\t<p><!-- wp:gallery {\"linkTo\":\"none\",\"align\":\"right\"} --><\/p>\n<figure class=\"wp-block-gallery alignright has-nested-images columns-default is-cropped\"><!-- wp:image {\"id\":3808,\"sizeSlug\":\"large\",\"linkDestination\":\"none\",\"className\":\"ghostkit-custom-2crYkg is-style-rounded\",\"ghostkitStyles\":{\".ghostkit-custom-2crYkg\":{\"paddingLeft\":\"1\"}},\"ghostkitClassname\":\"ghostkit-custom-2crYkg\",\"ghostkitId\":\"2crYkg\",\"ghostkitSpacings\":{\"paddingLeft\":\"1\"}} -->\n<figure class=\"wp-block-image size-large ghostkit-custom-2crYkg is-style-rounded\"><img width=\"1024\" height=\"1024\" class=\"wp-image-3808\" src=\"https:\/\/roma.xplore-festival.com\/wp-content\/uploads\/N21-2-1024x1024.jpg\" alt=\"\" srcset=\"https:\/\/roma.xplore-festival.com\/wp-content\/uploads\/N21-2-1024x1024.jpg 1024w, https:\/\/roma.xplore-festival.com\/wp-content\/uploads\/N21-2-300x300.jpg 300w, https:\/\/roma.xplore-festival.com\/wp-content\/uploads\/N21-2-150x150.jpg 150w, https:\/\/roma.xplore-festival.com\/wp-content\/uploads\/N21-2-768x768.jpg 768w, https:\/\/roma.xplore-festival.com\/wp-content\/uploads\/N21-2-1536x1536.jpg 1536w, https:\/\/roma.xplore-festival.com\/wp-content\/uploads\/N21-2-2048x2048.jpg 2048w, https:\/\/roma.xplore-festival.com\/wp-content\/uploads\/N21-2-12x12.jpg 12w\" sizes=\"(max-width: 1024px) 100vw, 1024px\" \/><\/figure>\n<p><!-- \/wp:image --><\/p>\n<\/figure>\n<p><!-- \/wp:gallery --><!-- wp:paragraph {\"style\":{\"typography\":{\"fontSize\":23}}} --><\/p>\n<h2>Dunbear \u00e8 un edonista e un praticante di magia sessuale. Dal 2016 organizza play party e workshop sul sesso positivo a Copenaghen ed \u00e8 co-creatore del kinky salon di Copenaghen, una delle serie di party sul sesso positivo preferite della citt\u00e0.  Dunbear ha un approccio esplorativo al BDSM e cerca di enfatizzare la natura ludica del sesso. Danno priorit\u00e0 alla costruzione di comunit\u00e0 e vedono la liberazione sessuale come uno strumento per minare l'astrazione e l'isolamento della societ\u00e0 capitalista.  Oltre alla liberazione sessuale e alla creazione di esperienze trasformative, hanno una forte affinit\u00e0 con i luoghi selvaggi, le foreste e le montagne.  Sono state attive nelle lotte per il clima e l'ambiente in diversi continenti e le idee di sostenibilit\u00e0 informano il loro approccio agli spazi sessuali positivi.\u00a0<\/h2>\n<h2><!-- \/wp:paragraph --><!-- wp:paragraph --><\/h2>\n<h2><!-- \/wp:paragraph --><!-- wp:spacer {\"height\":\"46px\"} --><\/h2>\n<h2 class=\"wp-block-spacer\" style=\"height: 46px;\" aria-hidden=\"true\">\u00a0<\/h2>\n<h2><!-- \/wp:spacer --><!-- wp:heading {\"textColor\":\"black\"} --><\/h2>\n<h2 class=\"has-black-color has-text-color\"><a href=\"https:\/\/roma.xplore-festival.com\/it\/workshop-2022\/\" data-type=\"page\" data-id=\"3721\">Workshop <\/a><\/h2>\n<h2><!-- \/wp:heading --><!-- wp:heading {\"textColor\":\"vivid-red\"} --><\/h2>\n<h2 class=\"has-vivid-red-color has-text-color\"><a href=\"https:\/\/roma.xplore-festival.com\/it\/erotic-presence\/\">Presenza Erotica<\/a> \/\/ <a href=\"https:\/\/roma.xplore-festival.com\/it\/mouth-pleasure\/\">Piacere in Bocca<\/a><\/h2>\n<p><!-- \/wp:heading --><!-- wp:separator --><\/p>\n<hr class=\"wp-block-separator\" \/>\n<p><!-- \/wp:separator --><\/p>\t\t\t\t\t<\/div>\n\t\t\t\t\t\t<\/div>\n\t\t\t\t<\/div>\n\t\t\t\t\t\t<\/div>\n\t\t\t\t\t<\/div>\n\t\t<\/div>\n\t\t\t\t\t\t\t\t<\/div>\n\t\t\t\t\t<\/div>\n\t\t<\/section>\n\t\t\t\t\t\t\t\t\t<\/div>\n\t\t\t<\/div>\n\t\t\t\t\t<\/div>","protected":false},"excerpt":{"rendered":"<p>Dunbear is a hedonist and practitioner of sex magic. They have been hosting play parties and sex positive workshops in Copenhagen since 2016, and are a co-creator of kinky salon Copenhagen, one of the city\u2019s favorite sex positive party series.\u00a0\u00a0Dunbear has an exploratory approach to BDSM, and seeks to emphasize the playful nature of sex. &hellip;<\/p>\n<p class=\"read-more\"> <a class=\"\" href=\"https:\/\/roma.xplore-festival.com\/it\/dunbear-beardsley\/\"> <span class=\"screen-reader-text\">Dunbear Beardsley<\/span> Leggi altro \u00bb<\/a><\/p>","protected":false},"author":9,"featured_media":0,"parent":0,"menu_order":0,"comment_status":"closed","ping_status":"closed","template":"","meta":{"site-sidebar-layout":"default","site-content-layout":"default","ast-global-header-display":"","ast-main-header-display":"","ast-hfb-above-header-display":"","ast-hfb-below-header-display":"","ast-hfb-mobile-header-display":"","site-post-title":"","ast-breadcrumbs-content":"","ast-featured-img":"","footer-sml-layout":"","theme-transparent-header-meta":"default","adv-header-id-meta":"","stick-header-meta":"default","header-above-stick-meta":"","header-main-stick-meta":"","header-below-stick-meta":""},"_links":{"self":[{"href":"https:\/\/roma.xplore-festival.com\/it\/wp-json\/wp\/v2\/pages\/3805"}],"collection":[{"href":"https:\/\/roma.xplore-festival.com\/it\/wp-json\/wp\/v2\/pages"}],"about":[{"href":"https:\/\/roma.xplore-festival.com\/it\/wp-json\/wp\/v2\/types\/page"}],"author":[{"embeddable":true,"href":"https:\/\/roma.xplore-festival.com\/it\/wp-json\/wp\/v2\/users\/9"}],"replies":[{"embeddable":true,"href":"https:\/\/roma.xplore-festival.com\/it\/wp-json\/wp\/v2\/comments?post=3805"}],"version-history":[{"count":24,"href":"https:\/\/roma.xplore-festival.com\/it\/wp-json\/wp\/v2\/pages\/3805\/revisions"}],"predecessor-version":[{"id":4583,"href":"https:\/\/roma.xplore-festival.com\/it\/wp-json\/wp\/v2\/pages\/3805\/revisions\/4583"}],"wp:attachment":[{"href":"https:\/\/roma.xplore-festival.com\/it\/wp-json\/wp\/v2\/media?parent=3805"}],"curies":[{"name":"wp","href":"https:\/\/api.w.org\/{rel}","templated":true}]}}