{"id":3465,"date":"2021-08-11T14:13:10","date_gmt":"2021-08-11T12:13:10","guid":{"rendered":"https:\/\/roma.xplore-festival.com\/?page_id=3465"},"modified":"2021-08-11T14:15:38","modified_gmt":"2021-08-11T12:15:38","slug":"sarah-toby","status":"publish","type":"page","link":"https:\/\/roma.xplore-festival.com\/it\/sarah-toby\/","title":{"rendered":"Sarah &#038; Toby"},"content":{"rendered":"<h3 id=\"block-7fa6dede-70dc-46d8-9b98-566346a7fb98\" class=\" translation-block\">\u00e8 una bodyworker olistica, certificata agopunturista e ricercatrice di Play&amp;Movement. \u00c8 interessata al potenziale degli strumenti somatici (Feldenkrais, BMC, Continuum Movement, Authentic Movement) per rimodellare e riflettere sui modelli di comunicazione e connessione. Fa parte dei Pirate Tantrics ed \u00e8 la fondatrice di Project Playground, un collettivo sesspositivo dedicato all'arte del gioco.<\/h3>\n\n\n\n<figure class=\"wp-block-gallery alignright columns-1 is-cropped\"><ul class=\"blocks-gallery-grid\"><li class=\"blocks-gallery-item\"><figure><img width=\"1024\" height=\"768\" src=\"https:\/\/roma.xplore-festival.com\/wp-content\/uploads\/IMG_3709-1024x768.jpg\" alt=\"\" data-id=\"2785\" data-full-url=\"https:\/\/roma.xplore-festival.com\/wp-content\/uploads\/IMG_3709-scaled.jpg\" data-link=\"https:\/\/roma.xplore-festival.com\/img_3709\/\" class=\"wp-image-2785\" srcset=\"https:\/\/roma.xplore-festival.com\/wp-content\/uploads\/IMG_3709-1024x768.jpg 1024w, https:\/\/roma.xplore-festival.com\/wp-content\/uploads\/IMG_3709-300x225.jpg 300w, https:\/\/roma.xplore-festival.com\/wp-content\/uploads\/IMG_3709-768x576.jpg 768w, https:\/\/roma.xplore-festival.com\/wp-content\/uploads\/IMG_3709-1536x1152.jpg 1536w, https:\/\/roma.xplore-festival.com\/wp-content\/uploads\/IMG_3709-2048x1536.jpg 2048w, https:\/\/roma.xplore-festival.com\/wp-content\/uploads\/IMG_3709-16x12.jpg 16w\" sizes=\"(max-width: 1024px) 100vw, 1024px\" \/><\/figure><\/li><\/ul><\/figure>\n\n\n\n<hr class=\"wp-block-separator\"\/>\n\n\n\n<h3>\u00e8 un filosofo di formazione accademica e ha conseguito un dottorato alla Freie Universit\u00e4t di Berlino. La sua area di interesse \u00e8 la filosofia classica tedesca (Kant, Hegel, Marx) e la teoria critica contemporanea, la teoria critica di genere e il femminismo sex positivo. Sostiene che il bene, il bello e il vero possono essere concepiti solo in modo pluralistico.<\/h3>\n\n\n\n<h2>Workshop<\/h2>\n\n\n\n<h2 class=\"has-vivid-red-color has-text-color\" style=\"font-size:35px\"><strong><a href=\"https:\/\/roma.xplore-festival.com\/it\/we-dont-fucking-care\/\"><span class=\"has-inline-color has-vivid-red-color\">WE DO(N&#8217;T) FUCKI<\/span><\/a><\/strong><strong><a href=\"https:\/\/roma.xplore-festival.com\/it\/we-dont-fucking-care\/\"><span class=\"has-inline-color has-vivid-red-color\">NG CARE<\/span><\/a><\/strong><\/h2>","protected":false},"excerpt":{"rendered":"<p>Sarah Koenig is a certified holistic bodyworker, acupuncturist and Play&amp;Movementresearcher. She is interested in the potential of somatic tools (e.g. Feldenkrais, BMC,Continuum Movement, Authentic Movement) to reshape and reflect on communication and connection patterns. She is part of the Pirate Tantrics and the founder of Project Playground, a sexpositive collective dedicated to the art of &hellip;<\/p>\n<p class=\"read-more\"> <a class=\"\" href=\"https:\/\/roma.xplore-festival.com\/it\/sarah-toby\/\"> <span class=\"screen-reader-text\">Sarah &#038; Toby<\/span> Leggi altro \u00bb<\/a><\/p>","protected":false},"author":9,"featured_media":0,"parent":0,"menu_order":0,"comment_status":"closed","ping_status":"closed","template":"","meta":{"site-sidebar-layout":"default","site-content-layout":"default","ast-global-header-display":"","ast-main-header-display":"","ast-hfb-above-header-display":"","ast-hfb-below-header-display":"","ast-hfb-mobile-header-display":"","site-post-title":"","ast-breadcrumbs-content":"","ast-featured-img":"","footer-sml-layout":"","theme-transparent-header-meta":"default","adv-header-id-meta":"","stick-header-meta":"default","header-above-stick-meta":"","header-main-stick-meta":"","header-below-stick-meta":""},"_links":{"self":[{"href":"https:\/\/roma.xplore-festival.com\/it\/wp-json\/wp\/v2\/pages\/3465"}],"collection":[{"href":"https:\/\/roma.xplore-festival.com\/it\/wp-json\/wp\/v2\/pages"}],"about":[{"href":"https:\/\/roma.xplore-festival.com\/it\/wp-json\/wp\/v2\/types\/page"}],"author":[{"embeddable":true,"href":"https:\/\/roma.xplore-festival.com\/it\/wp-json\/wp\/v2\/users\/9"}],"replies":[{"embeddable":true,"href":"https:\/\/roma.xplore-festival.com\/it\/wp-json\/wp\/v2\/comments?post=3465"}],"version-history":[{"count":3,"href":"https:\/\/roma.xplore-festival.com\/it\/wp-json\/wp\/v2\/pages\/3465\/revisions"}],"predecessor-version":[{"id":3468,"href":"https:\/\/roma.xplore-festival.com\/it\/wp-json\/wp\/v2\/pages\/3465\/revisions\/3468"}],"wp:attachment":[{"href":"https:\/\/roma.xplore-festival.com\/it\/wp-json\/wp\/v2\/media?parent=3465"}],"curies":[{"name":"wp","href":"https:\/\/api.w.org\/{rel}","templated":true}]}}