{"id":3439,"date":"2021-09-07T12:03:17","date_gmt":"2021-09-07T10:03:17","guid":{"rendered":"https:\/\/roma.xplore-festival.com\/?page_id=3439"},"modified":"2021-09-10T01:35:57","modified_gmt":"2021-09-09T23:35:57","slug":"seani-love","status":"publish","type":"page","link":"https:\/\/roma.xplore-festival.com\/it\/seani-love\/","title":{"rendered":"Seani Love"},"content":{"rendered":"<figure class=\"wp-block-gallery alignright columns-1 is-cropped\"><ul class=\"blocks-gallery-grid\"><li class=\"blocks-gallery-item\"><figure><img width=\"725\" height=\"891\" src=\"https:\/\/roma.xplore-festival.com\/wp-content\/uploads\/IMG_4603.jpg\" alt=\"\" data-id=\"3655\" data-full-url=\"https:\/\/roma.xplore-festival.com\/wp-content\/uploads\/IMG_4603.jpg\" data-link=\"https:\/\/roma.xplore-festival.com\/img_4603\/\" class=\"wp-image-3655\" srcset=\"https:\/\/roma.xplore-festival.com\/wp-content\/uploads\/IMG_4603.jpg 725w, https:\/\/roma.xplore-festival.com\/wp-content\/uploads\/IMG_4603-244x300.jpg 244w, https:\/\/roma.xplore-festival.com\/wp-content\/uploads\/IMG_4603-10x12.jpg 10w\" sizes=\"(max-width: 725px) 100vw, 725px\" \/><\/figure><\/li><\/ul><\/figure>\n\n\n\n<p>Seani Love \u00e8 un'avventuriera erotica e spirituale discreta, professionale e amante del divertimento che lavora con l'intimit\u00e0, il rituale erotico, il NeoTantra e altre forme di sessualit\u00e0 sacra.<\/p>\n\n\n\n<p><strong>Seani<\/strong> ama esplorare i luoghi oscuri dell'ombra umana tanto quanto la luce. La sua competenza consiste nel portare i clienti e i gruppi in viaggi verso la beatitudine, la resa e il potenziamento usando gli strumenti del Conscious Kink, della sessualit\u00e0 sacra, del NeoTantra, dell'intimit\u00e0 e altro ancora.<\/p>\n\n\n\n<p class=\" translation-block\">Seani vive a Londra ma viaggia molto gestendo workshop e sessioni private per i miei numerosi e incredibili clienti. Ha fatto il suo debutto cinematografico in Touch Me Not di Adina Pintilie, che ha vinto come miglior film al Festival Internazionale del Cinema di Berlino nel 2018.<\/p>\n\n\n\n<p>Maggiori informazioni:&nbsp; <a href=\"http:\/\/www.seanilove.com\/\">seanilove.com<\/a><\/p>\n\n\n\n<p><\/p>\n\n\n\n<div style=\"height:46px\" aria-hidden=\"true\" class=\"wp-block-spacer\"><\/div>\n\n\n\n<h2 class=\"has-black-color has-text-color\">Workshop <\/h2>\n\n\n\n<hr class=\"wp-block-separator\"\/>\n\n\n\n<h2 class=\"has-vivid-red-color has-text-color\" style=\"font-size:35px\">SOVEREIGNTY VERSUS SLAVERY<\/h2>","protected":false},"excerpt":{"rendered":"<p>Seani Love is a discreet, professional, fun-loving erotic and spiritual adventurer who works with intimacy, erotic ritual, NeoTantra and other forms of sacred sexuality. Seani loves exploring the dark places of the human shadow as much as the light. His expertise is in taking my clients and groups on journeys into bliss, surrender and empowerment &hellip;<\/p>\n<p class=\"read-more\"> <a class=\"\" href=\"https:\/\/roma.xplore-festival.com\/it\/seani-love\/\"> <span class=\"screen-reader-text\">Seani Love<\/span> Leggi altro \u00bb<\/a><\/p>","protected":false},"author":9,"featured_media":0,"parent":0,"menu_order":0,"comment_status":"closed","ping_status":"closed","template":"","meta":{"site-sidebar-layout":"default","site-content-layout":"default","ast-global-header-display":"","ast-main-header-display":"","ast-hfb-above-header-display":"","ast-hfb-below-header-display":"","ast-hfb-mobile-header-display":"","site-post-title":"","ast-breadcrumbs-content":"","ast-featured-img":"","footer-sml-layout":"","theme-transparent-header-meta":"default","adv-header-id-meta":"","stick-header-meta":"default","header-above-stick-meta":"","header-main-stick-meta":"","header-below-stick-meta":""},"_links":{"self":[{"href":"https:\/\/roma.xplore-festival.com\/it\/wp-json\/wp\/v2\/pages\/3439"}],"collection":[{"href":"https:\/\/roma.xplore-festival.com\/it\/wp-json\/wp\/v2\/pages"}],"about":[{"href":"https:\/\/roma.xplore-festival.com\/it\/wp-json\/wp\/v2\/types\/page"}],"author":[{"embeddable":true,"href":"https:\/\/roma.xplore-festival.com\/it\/wp-json\/wp\/v2\/users\/9"}],"replies":[{"embeddable":true,"href":"https:\/\/roma.xplore-festival.com\/it\/wp-json\/wp\/v2\/comments?post=3439"}],"version-history":[{"count":2,"href":"https:\/\/roma.xplore-festival.com\/it\/wp-json\/wp\/v2\/pages\/3439\/revisions"}],"predecessor-version":[{"id":3703,"href":"https:\/\/roma.xplore-festival.com\/it\/wp-json\/wp\/v2\/pages\/3439\/revisions\/3703"}],"wp:attachment":[{"href":"https:\/\/roma.xplore-festival.com\/it\/wp-json\/wp\/v2\/media?parent=3439"}],"curies":[{"name":"wp","href":"https:\/\/api.w.org\/{rel}","templated":true}]}}