{"id":2229,"date":"2020-08-21T14:08:43","date_gmt":"2020-08-21T12:08:43","guid":{"rendered":"https:\/\/roma.xplore-festival.com\/?page_id=2229"},"modified":"2021-08-13T16:34:02","modified_gmt":"2021-08-13T14:34:02","slug":"covid-19-guideline","status":"publish","type":"page","link":"https:\/\/roma.xplore-festival.com\/it\/covid-19-guideline\/","title":{"rendered":"Linee guida Covid-19"},"content":{"rendered":"<p>Concerning regulation to entry Italy from a foreigner country, please check on internet.<br> At the present time (August 2021) and until new dispositions will be announced to enter Italy is necessary to compile this form\u00a0: \u00a0<br><a href=\"https:\/\/app.euplf.eu\/#\/\">Passenger Locator Form<\/a> (dPLF)<br>More information\u00a0: <a href=\"http:\/\/www.italia.it\/en\/useful-info\/covid-19-updates-information-for-tourists.html\">http:\/\/www.italia.it\/en\/useful-info\/covid-19-updates-information-for-tourists.html<\/a><br>And on : <a href=\"https:\/\/www.salute.gov.it\/portale\/nuovocoronavirus\/dettaglioContenutiNuovoCoronavirus.jsp?lingua=english&amp;id=5412&amp;area=nuovoCoronavirus&amp;menu=vuoto\">Italian ministry of health<\/a><\/p>\n\n\n\n<h3 id=\"dear-festival-visitors-and-people-who-take-into-consideration-to-book-a-ticket\">Cari visitatori del festival * e persone che stanno prendono in considerazione di prenotare un biglietto.<\/h3>\n\n\n\n<p><\/p>\n\n\n\n<p>Over the past months we have been watching very closely how the situation regarding the Corona pandemic is developing. And of course also how the legal regulations are changing accordingly.<\/p>\n\n\n\n<h4><strong>At xplore 2021 we will follow all legal regulations.<\/strong><\/h4>\n\n\n\n<ul><li>Xplore Roma will take place with fewer participants than all previous Xplores. We will have a maximum of 100 people at the venue.<\/li><li>Molti workshop si svolgeranno all'esterno per garantire una maggiore distanza e una migliore ventilazione<\/li><li>I dormitori saranno ventilati<\/li><li><strong>Abbiamo adattato i nostri workshop ai requisiti legali<\/strong>, che saranno definiti e comunicati pochi giorni prima dell'inizio dell'evento.<\/li><\/ul>\n\n\n\n<h4>Registrazione dell&#039;indirizzo e-mail<\/h4>\n\n\n\n<ul><li>Alla registrazione <strong>raccogliamo il tuo indirizzo e-mail<\/strong> per informarti nel caso si venisse a sapere della malattia di uno dei partecipanti, a seguito dell\u2019evento.<br>In questo caso inoltreremo gli indirizzi all'autorit\u00e0 sanitaria responsabile. Gli indrizzi verranno cancellati dopo 4 settimane. In nessun caso li daremo o venderemo a terzi.<\/li><li>Per velocizzare la raccolta degli indirizzi, abbiamo predisposto un e-mail al quale chiunque pu\u00f2 inviare una e-mail al momento del suo arrivo. <strong>Lo verifichiamo inviando una risposta automatica dal nostro computer con informazioni relative alla pandemia del Corona.<\/strong>. Ti preghiamo di utilizzare questo stesso e-mail per avvertirci nel caso scoprissi a posteriori di essere infetto.<\/li><li>Questa informazione \u00e8 molto importante per noi! In modo tale che ogni partecipante e membro del nostro team potr\u00e0 essere informato dell\u2019eventuale rischio e decidere se sottoporsi a un test.<\/li><li>Circa una settimana prima dell&#039;Xplore <strong>ti verr\u00e0 data la possibilit\u00e0 di pre-registrarti.<\/strong> Si prega di utilizzare questa possibilit\u00e0, poich\u00e9 la connessione a Internet \u00e8 molto lenta a Borgo Paola. Ogni ospite deve essere registrato con un proprio indirizzo email.<\/li><\/ul>\n\n\n\n<h4>Test pre-evento<\/h4>\n\n\n\n<ul><li>Tutti gli ospiti provenienti da un villaggio, una piccola citt\u00e0, uno stato o un altro paese europeo con a rischio ( zona rossa) possono entrare nell'area Xplore solo se hanno gi\u00e0 fatto un test e sono sicuri di non essere portatori dell\u2019infezione. Ci affidiamo all\u2019onest\u00e1 e alla responsabilit\u00e1 di ogniuno di voi!<\/li><li><strong>I partecipanti con sintomi di raffreddore o infezione respiratoria sono esclusi dall&#039;evento.<\/strong><\/li><li><strong>Partecipanti provenienti da Paesi non appartenenti alla Comunit\u00e0 Europea o dichiarati area ad alto rischio in Europa sono esclusi dall'evento<\/strong>, a meno che siano in grado di dimostrare con il risultato di test (non pi\u00f9 vecchio di 3 giorni) di non essere infetti dal virus SARS-CoV-2.<\/li><\/ul>\n\n\n\n<p>Queste sono per ora le nostre misure di sicurezza.<br><strong>Ma molto pi\u00f9 importante \u00e8 la responsabilit\u00e0 personale di tutti i partecipanti.<\/strong><\/p>\n\n\n\n<p><strong>Vuoi rimanere in salute? Allora segui queste regole!<\/strong><\/p>\n\n\n\n<ul><li>Regola pi\u00f9 importante:<br><strong>Pensa prima di agire.<\/strong><br>In un ambiente sexpositive e aperto, come Xplore, puo succedere di perdere il proprio focus. Prendi il tempo per renderti consapevole di ci\u00f2 che vuoi e di quello che non vuoi.<\/li><li>Prima di avvicinarti agli altri al di sotto della distanza di sicurezza prescritta, chiedi alla tua controparte se \u00e9 d\u2019accordo. Forse tu ti senti tranquillo, ma per un altra persona potrebbere essere motivo di stress se qualcuno si avvincina troppo.<\/li><li>Uno stretto contatto fisico \u00e8 ufficialmente consentito solo con i tuoi partner. Vorremmo incoraggiarti a formare un <strong>AMORE Cluster<\/strong>. Trova fino a 7 altre persone con le quali vorresti agire esclusivamente a stretto contatto durante l'intero xplore.<br><strong>Crea un rituale, trova la tua trib\u00f9.<\/strong><\/li><li>Osserva le consuete regole di igiene. LAVATI LE MANI!<br>\u00c8 obbligatorio avere con s\u00e9 il disinfettante per le mani.<br>Porta sempre con te un asciugamano \/ lenzuolo da posizionare sotto di te.<\/li><\/ul>","protected":false},"excerpt":{"rendered":"<p>Concerning regulation to entry Italy from a foreigner country, please check on internet. At the present time (August 2021) and until new dispositions will be announced to enter Italy is necessary to compile this form\u00a0: \u00a0Passenger Locator Form (dPLF)More information\u00a0: http:\/\/www.italia.it\/en\/useful-info\/covid-19-updates-information-for-tourists.htmlAnd on : Italian ministry of health Dear festival visitors* and people who take into &hellip;<\/p>\n<p class=\"read-more\"> <a class=\"\" href=\"https:\/\/roma.xplore-festival.com\/it\/covid-19-guideline\/\"> <span class=\"screen-reader-text\">Linee guida Covid-19<\/span> Leggi altro \u00bb<\/a><\/p>","protected":false},"author":9,"featured_media":0,"parent":0,"menu_order":0,"comment_status":"closed","ping_status":"closed","template":"","meta":{"site-sidebar-layout":"default","site-content-layout":"default","ast-global-header-display":"","ast-main-header-display":"","ast-hfb-above-header-display":"","ast-hfb-below-header-display":"","ast-hfb-mobile-header-display":"","site-post-title":"","ast-breadcrumbs-content":"","ast-featured-img":"","footer-sml-layout":"","theme-transparent-header-meta":"default","adv-header-id-meta":"","stick-header-meta":"default","header-above-stick-meta":"","header-main-stick-meta":"","header-below-stick-meta":""},"_links":{"self":[{"href":"https:\/\/roma.xplore-festival.com\/it\/wp-json\/wp\/v2\/pages\/2229"}],"collection":[{"href":"https:\/\/roma.xplore-festival.com\/it\/wp-json\/wp\/v2\/pages"}],"about":[{"href":"https:\/\/roma.xplore-festival.com\/it\/wp-json\/wp\/v2\/types\/page"}],"author":[{"embeddable":true,"href":"https:\/\/roma.xplore-festival.com\/it\/wp-json\/wp\/v2\/users\/9"}],"replies":[{"embeddable":true,"href":"https:\/\/roma.xplore-festival.com\/it\/wp-json\/wp\/v2\/comments?post=2229"}],"version-history":[{"count":14,"href":"https:\/\/roma.xplore-festival.com\/it\/wp-json\/wp\/v2\/pages\/2229\/revisions"}],"predecessor-version":[{"id":3574,"href":"https:\/\/roma.xplore-festival.com\/it\/wp-json\/wp\/v2\/pages\/2229\/revisions\/3574"}],"wp:attachment":[{"href":"https:\/\/roma.xplore-festival.com\/it\/wp-json\/wp\/v2\/media?parent=2229"}],"curies":[{"name":"wp","href":"https:\/\/api.w.org\/{rel}","templated":true}]}}