{"id":140,"date":"2018-12-10T00:16:51","date_gmt":"2018-12-09T23:16:51","guid":{"rendered":"https:\/\/roma.xplore-festival.com\/?page_id=140"},"modified":"2022-06-24T05:38:35","modified_gmt":"2022-06-24T03:38:35","slug":"producers","status":"publish","type":"page","link":"https:\/\/roma.xplore-festival.com\/it\/producers\/","title":{"rendered":"Producers  2022"},"content":{"rendered":"<h3 id=\"felix\">Felix Ruckert<\/h3>\n\n\n\n<div class=\"wp-block-image\"><figure class=\"alignleft is-resized\"><img src=\"https:\/\/roma.xplore-festival.com\/wp-content\/uploads\/RuckertFelix_01wSw.jpg\" alt=\"\" class=\"wp-image-836\" width=\"296\" height=\"414\" srcset=\"https:\/\/roma.xplore-festival.com\/wp-content\/uploads\/RuckertFelix_01wSw.jpg 591w, https:\/\/roma.xplore-festival.com\/wp-content\/uploads\/RuckertFelix_01wSw-214x300.jpg 214w, https:\/\/roma.xplore-festival.com\/wp-content\/uploads\/RuckertFelix_01wSw-357x500.jpg 357w, https:\/\/roma.xplore-festival.com\/wp-content\/uploads\/RuckertFelix_01wSw-572x800.jpg 572w\" sizes=\"(max-width: 296px) 100vw, 296px\" \/><\/figure><\/div>\n\n\n\n<p class=\" translation-block\">Felix Ruckert \u00e8 un ballerino, coreografo e curatore. Crea eventi, performance, tiene conferenze e insegna workshop - spesso combinando la sua conoscenza della danza con un approccio unico alle pratiche del BDSM e della sessualit\u00e0 consapevole. Si diverte anche a comporre e suonare canzoni. \nHa iniziato come ballerino lavorando con diverse compagnie rinomate (Mathilde Monnier, il Wuppertaler Tanztheater di Pina Bausch) prima di concentrarsi sulla coreografia, sul lavoro concettuale e sulle installazioni coreografiche. Tra il 1993 e il 2008 ha creato pi\u00f9 di 30 spettacoli per la sua compagnia berlinese, alcuni dei quali sono andati in tourn\u00e9e in tutto il mondo. Ha fortemente influenzato le arti performative espandendo il palco al corpo fisico del pubblico e dandogli un ruolo attivo nelle sue performance. I suoi pezzi di danza sperimentale, il suo lavoro partecipativo e le sue coreografie per compagnie di balletto gli hanno fatto guadagnare una reputazione internazionale come uno dei coreografi contemporanei pi\u00f9 versatili e innovativi.\n\nL'interesse principale di Felix sono le infinite possibilit\u00e0 del corpo umano. Ha studiato danza classica, moderna e contemporanea, improvvisazione, Feldenkrais, Pilates, Continuum Movement, Yoga, Chi Kung, Kinomichi, Kyudo, Tao Yoga, diverse tecniche di massaggio, Tantra, Kinbaku, canto corale e solista e molto altro. Negli ultimi vent'anni \u00e8 diventato noto per la sua indagine pratica e teorica del BDSM e l'esplorazione delle connessioni tra tecniche BDSM e pratiche artistiche, sviluppando un'arte del tocco e una filosofia della comunicazione sensuale.\nDal 2007 al 2016 ha diretto il centro artistico schwelle7 a Berlino, la fusione di un club kinky, uno studio di danza, un teatro e un salotto privato: una performance permanente sulla soglia tra il privato e il pubblico. schwelle7 ha anche prodotto molte performance e workshop con maestri giapponesi e ha avuto un ruolo importante nella divulgazione del Kinbaku - Japanese Rope Bondage- in Europa. Un documentario su schwelle7, Violently Happy di Paola Calvo, \u00e8 uscito nel 2017.\nDal 2004 Felix dirige il festival annuale xplore a Berlino e cura le sue filiali internazionali, con 28 edizioni in sette paesi diversi. Dal 2012 dirige anche EURIX - The European Rigger&amp;Model Exchange, un festival biennale a Berlino dedicato allo sviluppo del Rope Bondage come forma d'arte.\n \n www.felixrucket.de<\/p>\n\n\n\n<p><\/p>\n\n\n\n<h3 id=\"nehra\">Micha Stella<\/h3>\n\n\n\n<div class=\"wp-block-image\"><figure class=\"alignleft is-resized\"><img src=\"https:\/\/roma.xplore-festival.com\/wp-content\/uploads\/Nehra-Stella-1.jpg\" alt=\"Nehra Stella with camera\" class=\"wp-image-1564\" width=\"300\" height=\"420\"\/><\/figure><\/div>\n\n\n\n<p><strong>MICHA STELLA<\/strong>\u00a0\u00e8 un'artista, madre e regista queer che nel 2008 si \u00e8 trasferita da Parigi a Berlino, che considera la sua patria. Nel suo lavoro esplora questioni di genere, sessualit\u00e0, identit\u00e0, amore e relazioni, con un punto di vista ironico, erotico, femminista e queer.\u00a0<br>Micha worked in films and theatre as performer and as filmmaker directed &#8220;<a class=\"\" href=\"http:\/\/michastella.de\/session-jeanne\/\">Paris la Nuit<\/a>&#8221; in 2009, &#8220;<a class=\"\" href=\"http:\/\/michastella.de\/vivre-berlin\/\">Vivre Berlin<\/a>&#8221; in 2013 and &#8220;<a class=\"\" href=\"http:\/\/michastella.de\/berlin-sarajevo\/\">Berlin-Sarajevo<\/a>&#8221; in 2014, together with the artist\u00a0<a class=\"\" href=\"http:\/\/www.natashaproductions.com\/\">Natasha Davis<\/a>.<br>Parallelamente al suo lavoro artistico, si concentra su diverse pratiche del corpo, yoga, nutrizione e ipnoterapia.\u00a0<br>Since the encounter with the choreographer Felix Ruckert, in 2013, they lead workshop and performance on Gender and Conscious kink and collaborate with him in various artistic projects:\u00a0they created together \u201c<a class=\"\" href=\"http:\/\/michastella.de\/first-coathcing-workshop\/\">The New Civilization Training<\/a>\u201c a 10 days retreat that combine Fasting with body Practices, Personal Growth, Dance, Music, and Conscious kink, that take place since 2016, once or twice a year;\u00a0in 2018 they collaborate at the \u201c<a class=\"\" href=\"http:\/\/felixruckert.de\/2017\/12\/05\/the-living-room-tour\/\">Living Room Tour<\/a>\u201c\u00a0; they\u00a0co-curated the program for the\u00a0<a class=\"\" href=\"http:\/\/www.xplore-festival.com\/\">Festival di Xplore\u00a0<\/a>\u00a0Roma from 2017 until today and\u00a0xplore Barcelona and Copenhagen on 2018, 2019 &amp; 2020.\u00a0<br>In 2018, they co-create the School of love, a role play space at Xplore Berlin together with dancer and choreographer Anna Natt. They perform with the artist and rigger Pilar Aldea in Eurix 2017,\u00a0and\u00a0at the Shibari Prague festival and\u00a0at\u00a0the Soria Film festival in 2018. They also collaborate and teach together workshops about Consent and Instant Composition with rope.<br>Micha Stella is part of the IKSK team, as\u00a0creative director and consultant; they teach Creative Mornings there every Friday morning, and Creative Evenings once Thursday every two and curate some events as the New Salon and Philosophical Colloquium. They also enjoy to take pictures and support with the website. Since 2020, she teaches \u201cExploring Freedoms\u201c, a 5 days retreat, together with artist and dancer Valentine Schmehl.<br>Micha crede che l'arte e il sesso possano cambiare il mondo e che l'empatia radicale, l'inclusione e i processi creativi collettivi siano il percorso pi\u00f9 stimolante e curativo da seguire.\u00a0<\/p>\n\n\n\n<p><a href=\"http:\/\/www.michastella.de\" data-type=\"URL\" data-id=\"www.michastella.de\">www.michastella.de<\/a><\/p>\n\n\n\n<div style=\"height:100px\" aria-hidden=\"true\" class=\"wp-block-spacer\"><\/div>\n\n\n\n<p><\/p>\n\n\n\n<div style=\"height:100px\" aria-hidden=\"true\" class=\"wp-block-spacer\"><\/div>","protected":false},"excerpt":{"rendered":"<p>Felix Ruckert Felix Ruckert is a dancer, choreographer and curator. He creates events, performs, gives lectures and teaches workshops &#8211; often fusing his knowledge from dance with an unique approach to practices of BDSM and conscious sexuality. He also enjoys making music.He started as a dancer working with several renowned companies (Mathilde Monnier, Pina Bausch\u2019s &hellip;<\/p>\n<p class=\"read-more\"> <a class=\"\" href=\"https:\/\/roma.xplore-festival.com\/it\/producers\/\"> <span class=\"screen-reader-text\">Producers  2022<\/span> Leggi altro \u00bb<\/a><\/p>","protected":false},"author":9,"featured_media":0,"parent":0,"menu_order":0,"comment_status":"closed","ping_status":"closed","template":"","meta":{"site-sidebar-layout":"default","site-content-layout":"default","ast-global-header-display":"","ast-main-header-display":"","ast-hfb-above-header-display":"","ast-hfb-below-header-display":"","ast-hfb-mobile-header-display":"","site-post-title":"disabled","ast-breadcrumbs-content":"","ast-featured-img":"","footer-sml-layout":"","theme-transparent-header-meta":"default","adv-header-id-meta":"","stick-header-meta":"default","header-above-stick-meta":"","header-main-stick-meta":"","header-below-stick-meta":""},"_links":{"self":[{"href":"https:\/\/roma.xplore-festival.com\/it\/wp-json\/wp\/v2\/pages\/140"}],"collection":[{"href":"https:\/\/roma.xplore-festival.com\/it\/wp-json\/wp\/v2\/pages"}],"about":[{"href":"https:\/\/roma.xplore-festival.com\/it\/wp-json\/wp\/v2\/types\/page"}],"author":[{"embeddable":true,"href":"https:\/\/roma.xplore-festival.com\/it\/wp-json\/wp\/v2\/users\/9"}],"replies":[{"embeddable":true,"href":"https:\/\/roma.xplore-festival.com\/it\/wp-json\/wp\/v2\/comments?post=140"}],"version-history":[{"count":18,"href":"https:\/\/roma.xplore-festival.com\/it\/wp-json\/wp\/v2\/pages\/140\/revisions"}],"predecessor-version":[{"id":4626,"href":"https:\/\/roma.xplore-festival.com\/it\/wp-json\/wp\/v2\/pages\/140\/revisions\/4626"}],"wp:attachment":[{"href":"https:\/\/roma.xplore-festival.com\/it\/wp-json\/wp\/v2\/media?parent=140"}],"curies":[{"name":"wp","href":"https:\/\/api.w.org\/{rel}","templated":true}]}}