{"id":1387,"date":"2019-02-20T20:07:53","date_gmt":"2019-02-20T19:07:53","guid":{"rendered":"https:\/\/roma.xplore-festival.com\/?page_id=1387"},"modified":"2022-06-09T11:06:09","modified_gmt":"2022-06-09T09:06:09","slug":"micha-stella","status":"publish","type":"page","link":"https:\/\/roma.xplore-festival.com\/it\/micha-stella\/","title":{"rendered":"Micha Stella"},"content":{"rendered":"<p><br><\/p>\n\n\n\n<div class=\"wp-block-image is-style-rounded\"><figure class=\"alignleft size-full is-resized\"><img src=\"https:\/\/roma.xplore-festival.com\/wp-content\/uploads\/Nehra-Stella.jpg\" alt=\"Nehra Stella presenter portrait\" class=\"wp-image-154\" width=\"322\" height=\"451\"\/><\/figure><\/div>\n\n\n\n<p class=\"has-medium-font-size\"><strong>MICHA STELLA<\/strong>&nbsp;\u00e8 un'artista, madre e regista queer che nel 2008 si \u00e8 trasferita da Parigi a Berlino, che considera la sua patria. Nel suo lavoro esplora questioni di genere, sessualit\u00e0, identit\u00e0, amore e relazioni, con un punto di vista ironico, erotico, femminista e queer.&nbsp;<br>Micha ha lavorato in diversi film e in teatro come attrice ed ha diretto<a class=\"\" href=\"http:\/\/michastella.de\/session-jeanne\/\">Paris la Nuit<\/a>&quot; nel 2009, &quot;<a class=\"\" href=\"http:\/\/michastella.de\/vivre-berlin\/\">Vivre Berlin<\/a>&quot;Nel 2013 e&quot;<a class=\"\" href=\"http:\/\/michastella.de\/berlin-sarajevo\/\">Berlin-Sarajevo<\/a>&quot;Nel 2014, insieme all&#039;artista&nbsp;<a class=\"\" href=\"http:\/\/www.natashaproductions.com\/\">Natasha Davis<\/a>.<br>Parallelamente al suo lavoro artistico, si concentra su diverse pratiche del corpo, yoga, nutrizione e ipnoterapia.&nbsp;<br>Dall'incontro con il coreografo Felix Ruckert, avvenuto nel 2013, conduce workshop e performance su Gender e Conscious kink e collabora con lui in diversi progetti artistici: hanno creato insieme \"<a class=\"\" href=\"http:\/\/michastella.de\/first-coathcing-workshop\/\">The New Civilization Training<\/a>\", un ritiro di 10 giorni che combina il digiuno con le pratiche corporee, la crescita personale, la danza, la musica e il kink consapevole, che si svolge dal 2016, una o due volte l'anno; nel 2018 collabora al \"<a class=\"\" href=\"http:\/\/felixruckert.de\/2017\/12\/05\/the-living-room-tour\/\">Living Room Tour<\/a>\u201c; si occupa del programma per il&nbsp;<a class=\"\" href=\"http:\/\/www.xplore-festival.com\/\">Festival di Xplore&nbsp;<\/a>&nbsp;Roma dal 2017 a oggi e xplore Barcelona e Copenhagen nel 2018, 2019 e 2020.&nbsp;<br>Nel 2018, insieme alla danzatrice e coreografa Anna Natt, hanno co-creato la School of love, uno spazio di gioco di ruolo presso Xplore Berlin. Si esibisce con l'artista e rigger Pilar Aldea a Eurix 2017, e al festival Shibari di Praga e al Soria Film festival nel 2018. Collaborano e insegnano insieme workshop sul Consenso e sulla Composizione Istantanea con la corda.<br>Micha Stella fa parte del team dell'IKSK, come direttore creativo e consulente; vi insegna le Mattinate Creative ogni venerd\u00ec mattina e le Serate Creative un gioved\u00ec ogni due e cura alcuni eventi come il New Salon e il Colloquio Filosofico. Si diletta anche a scattare foto e a fornire assistenza per il sito web. Dal 2020 insegna \"Exploring Freedoms\", un ritiro di 5 giorni, insieme all'artista e danzatrice Valentine Schmehl.<br>Micha crede che l'arte e il sesso possano cambiare il mondo e che l'empatia radicale, l'inclusione e i processi creativi collettivi siano il percorso pi\u00f9 stimolante e curativo da seguire.&nbsp;<br><a rel=\"noreferrer noopener\" href=\"http:\/\/www.michastella.de\" target=\"_blank\">www.michastella.de<\/a><\/p>\n\n\n\n<p class=\"has-ast-global-color-8-color has-text-color has-large-font-size\"><a href=\"https:\/\/roma.xplore-festival.com\/it\/workshop-2022\/\" data-type=\"page\" data-id=\"3721\">Workshop <\/a><\/p>\n\n\n\n<h2 class=\"has-vivid-red-color has-text-color\" style=\"font-size:35px\">Welcoming Love \/\/ <a href=\"https:\/\/roma.xplore-festival.com\/it\/creating-freedom\/\" data-type=\"post\" data-id=\"4280\">Creating Freedoms<\/a><\/h2>\n\n\n\n<p><\/p>\n\n\n\n<p><\/p>\n\n\n\n<p><\/p>\n\n\n\n<p><\/p>\n\n\n\n<p><\/p>\n\n\n\n<div style=\"height:100px\" aria-hidden=\"true\" class=\"wp-block-spacer\"><\/div>\n\n\n\n<h3><\/h3>\n\n\n\n<hr class=\"wp-block-separator is-style-wide\" data-ghostkit-sr=\"zoom\"\/>","protected":false},"excerpt":{"rendered":"<p>MICHA STELLA&nbsp;is a queer artist, mother and filmmaker, who moved from Paris to Berlin, in 2008, which they considers to be their homeland. In their work they explores gender, sexuality, identity issues, love and relationships, with an ironic, erotic, feminist, queer point of view.&nbsp;Micha worked in films and theatre as performer and as filmmaker directed &hellip;<\/p>\n<p class=\"read-more\"> <a class=\"\" href=\"https:\/\/roma.xplore-festival.com\/it\/micha-stella\/\"> <span class=\"screen-reader-text\">Micha Stella<\/span> Leggi altro \u00bb<\/a><\/p>","protected":false},"author":9,"featured_media":0,"parent":0,"menu_order":0,"comment_status":"closed","ping_status":"closed","template":"","meta":{"site-sidebar-layout":"default","site-content-layout":"default","ast-global-header-display":"","ast-main-header-display":"","ast-hfb-above-header-display":"","ast-hfb-below-header-display":"","ast-hfb-mobile-header-display":"","site-post-title":"","ast-breadcrumbs-content":"","ast-featured-img":"","footer-sml-layout":"","theme-transparent-header-meta":"default","adv-header-id-meta":"","stick-header-meta":"default","header-above-stick-meta":"","header-main-stick-meta":"","header-below-stick-meta":""},"_links":{"self":[{"href":"https:\/\/roma.xplore-festival.com\/it\/wp-json\/wp\/v2\/pages\/1387"}],"collection":[{"href":"https:\/\/roma.xplore-festival.com\/it\/wp-json\/wp\/v2\/pages"}],"about":[{"href":"https:\/\/roma.xplore-festival.com\/it\/wp-json\/wp\/v2\/types\/page"}],"author":[{"embeddable":true,"href":"https:\/\/roma.xplore-festival.com\/it\/wp-json\/wp\/v2\/users\/9"}],"replies":[{"embeddable":true,"href":"https:\/\/roma.xplore-festival.com\/it\/wp-json\/wp\/v2\/comments?post=1387"}],"version-history":[{"count":24,"href":"https:\/\/roma.xplore-festival.com\/it\/wp-json\/wp\/v2\/pages\/1387\/revisions"}],"predecessor-version":[{"id":4616,"href":"https:\/\/roma.xplore-festival.com\/it\/wp-json\/wp\/v2\/pages\/1387\/revisions\/4616"}],"wp:attachment":[{"href":"https:\/\/roma.xplore-festival.com\/it\/wp-json\/wp\/v2\/media?parent=1387"}],"curies":[{"name":"wp","href":"https:\/\/api.w.org\/{rel}","templated":true}]}}